{"id":21,"date":"2018-01-23T14:21:44","date_gmt":"2018-01-23T14:21:44","guid":{"rendered":"http:\/\/fischerbusinessbroker.com\/es\/?page_id=21"},"modified":"2018-04-05T18:03:43","modified_gmt":"2018-04-05T18:03:43","slug":"sell-business","status":"publish","type":"page","link":"https:\/\/fischerbusinessbroker.com\/es\/sell-business\/","title":{"rendered":"Vender un Negocio"},"content":{"rendered":"<h2>\u00bfEs \u00e9ste el mejor momento para<\/h2>\n<h1>Vender su Negocio?<\/h1>\n<p>Es importante que el propietario de una empresa sepa cu\u00e1ndo es el momento adecuado para vender su negocio. Ayudaremos al propietario a tomar la decisi\u00f3n y maximizar el valor de la transacci\u00f3n. Tenemos las herramientas y la experiencia para ayudar con la valoraci\u00f3n del negocio.<\/p>\n","protected":false},"excerpt":{"rendered":"<p>\u00bfEs \u00e9ste el mejor momento para Vender su Negocio? Es importante que el propietario de una empresa sepa cu\u00e1ndo es el momento adecuado para vender su negocio. Ayudaremos al propietario a tomar la decisi\u00f3n y maximizar el valor de la transacci\u00f3n. Tenemos las herramientas y la experiencia para ayudar con la valoraci\u00f3n del negocio.<\/p>\n","protected":false},"author":1,"featured_media":0,"parent":0,"menu_order":0,"comment_status":"closed","ping_status":"closed","template":"sell-business.php","meta":[],"_links":{"self":[{"href":"https:\/\/fischerbusinessbroker.com\/es\/wp-json\/wp\/v2\/pages\/21"}],"collection":[{"href":"https:\/\/fischerbusinessbroker.com\/es\/wp-json\/wp\/v2\/pages"}],"about":[{"href":"https:\/\/fischerbusinessbroker.com\/es\/wp-json\/wp\/v2\/types\/page"}],"author":[{"embeddable":true,"href":"https:\/\/fischerbusinessbroker.com\/es\/wp-json\/wp\/v2\/users\/1"}],"replies":[{"embeddable":true,"href":"https:\/\/fischerbusinessbroker.com\/es\/wp-json\/wp\/v2\/comments?post=21"}],"version-history":[{"count":6,"href":"https:\/\/fischerbusinessbroker.com\/es\/wp-json\/wp\/v2\/pages\/21\/revisions"}],"predecessor-version":[{"id":55,"href":"https:\/\/fischerbusinessbroker.com\/es\/wp-json\/wp\/v2\/pages\/21\/revisions\/55"}],"wp:attachment":[{"href":"https:\/\/fischerbusinessbroker.com\/es\/wp-json\/wp\/v2\/media?parent=21"}],"curies":[{"name":"wp","href":"https:\/\/api.w.org\/{rel}","templated":true}]}}